{"id":7,"date":"2021-12-21T15:44:11","date_gmt":"2021-12-21T15:44:11","guid":{"rendered":"https:\/\/btcblackjack.ca\/fr\/?page_id=7"},"modified":"2022-09-17T03:00:27","modified_gmt":"2022-09-17T03:00:27","slug":"accueil","status":"publish","type":"page","link":"https:\/\/btcblackjack.ca\/fr\/","title":{"rendered":"Le Bitcoin Gaming au Canada \u2013 Une alternative majeure"},"content":{"rendered":"\n<p>Nous sommes arriv\u00e9s dans la deuxi\u00e8me r\u00e9volution des jeux de casinos en ligne au Canada. D\u00e9j\u00e0, depuis les ann\u00e9es 2000, les maisons de jeux en ligne ont permis de faire \u00e9voluer consid\u00e9rablement les habitudes des joueurs. Dans un premier temps, un des challenges de ces entreprises \u00e9tait de faire comprendre qu\u2019il \u00e9tait possible de jouer en toute s\u00e9curit\u00e9 sur leurs plateformes. Avec l\u2019arriv\u00e9e du Bitcoin en 2009, il aura fallu une bonne dizaine d\u2019ann\u00e9es pour faire comprendre aux joueurs que les crypto monnaies avaient toute leur place comme moyen de paiement.<\/p>\n\n\n\n<h3 class=\"wp-block-heading\">Plus qu\u2019une alternative&#8230; Vous pouvez maintenant \u00eatre serein et jouer en toute s\u00e9curit\u00e9.<\/h3>\n\n\n\n<p>Un des plus gros challenges pour cette industrie a \u00e9t\u00e9 de faire accepter que leurs plateformes \u00e9taient s\u00e9curis\u00e9es. Souvenez-vous, les paiements avec des codes envoy\u00e9s sur vos cellulaires, des antivirus hors de prix qui ralentissaient votre ordinateur\u2026<br>Heureusement, avec l\u2019arriv\u00e9e du https la situation a pu \u00e9voluer vers plus de s\u00e9curit\u00e9 pour votre argent r\u00e9el. Les casinos en ligne ont aussi r\u00e9ussi \u00e0 \u00eatre plus transparents avec leurs joueurs, en expliquant toutes leurs d\u00e9marches plus clairement.<\/p>\n\n\n\n<h4 class=\"wp-block-heading\">Le Bitcoin, une \u00e9volution logique<\/h4>\n\n\n\n<p>Finalement, alors que cette monnaie \u00e9lectronique est devenue de plus en plus utilis\u00e9e, il \u00e9tait normal qu\u2019elle soit utilis\u00e9e dans les casinos en ligne comme moyen de paiement. Par essence, le Bitcoin permet deux choses :<\/p>\n\n\n\n<p>La s\u00e9curit\u00e9. Avec les derni\u00e8res technologies de cryptage, cette monnaie est quasi impossible \u00e0 subtiliser. En fait, c\u2019est une question d\u2019existence pour celle-ci car la moindre br\u00e8che pourrait entamer le nombre d\u2019utilisateurs et donc de son cours. La \u00ab blockchain \u00bb () est une des plus performantes et s\u00fbres du march\u00e9.<br>Rester anonyme. Pour beaucoup de personnes, cette condition est primordiale car ici il ne s\u2019agit pas seulement de votre dr\u00f4le de pseudo. Dans un sch\u00e9ma classique, votre banque poss\u00e8de absolument toutes vos informations personnelles\u2026 Bien s\u00fbr, en th\u00e9orie, celles-ci sont tout \u00e0 fait en s\u00e9curit\u00e9.<\/p>\n\n\n\n<h2 class=\"wp-block-heading\">Le blackjack en ligne avec les crypto-monnaies \u2013 Un nouvel Eldorado<\/h2>\n\n\n\n<p>Sans aucun doute, le blackjack est un des jeux pr\u00e9f\u00e9r\u00e9s de nos lecteurs. Faisant appel \u00e0 la technique et \u00e0 une dose de chance, ce jeu tient en haleine tous ceux qui y participent. C\u2019est donc logique que le march\u00e9 des casinos en ligne avec Bitcoins le propose, avec toujours plus de savoir-faire.<\/p>\n\n\n\n<p>Comme nous l\u2019avons dit en pr\u00e9ambule, il est de plus en plus simple de trouver des sites de casinos en ligne avec bitcoins qui acceptent le blackjack. Les crypto-monnaies apportent des solutions de paiement et de jeu rapides et s\u00e9curis\u00e9es qui sont en ad\u00e9quation avec l\u2019air du temps (cf. article 4).<\/p>\n\n\n\n<h3 class=\"wp-block-heading\">Les raisons qui poussent \u00e0 opter pour le blackjack avec BTC<\/h3>\n\n\n\n<p>Tout d\u2019abord, il est important de noter que nombre de casinos, notamment ceux avec qui nous sommes partenaires, proposent des conditions d\u2019utilisation qui sont tr\u00e8s int\u00e9ressantes avec le Bitcoin.<br>Le syst\u00e8me bancaire s\u2019est am\u00e9lior\u00e9 ces derni\u00e8res ann\u00e9es avec l\u2019h\u00e9g\u00e9monie d\u2019internet. Des syst\u00e8mes comme Interac sont tr\u00e8s utilis\u00e9s au Canada, pour des raisons de co\u00fbt, de s\u00e9curit\u00e9 et de vie priv\u00e9e bien s\u00fbr. Cependant, les institutions financi\u00e8res ont des co\u00fbts importants de fonctionnement, avec des frais techniques et humains.<br>Les crypto-monnaies avec la blockchain et des transactions directes entre deux individus ou deux entit\u00e9s permettent d\u2019effacer ces co\u00fbts. Il est donc plus ais\u00e9 pour les casinos d\u2019attirer les joueurs de blackjack avec des offres de blackjack qui sont en g\u00e9n\u00e9ral autour de 10%, avec aussi des bonus de bienvenue qui peuvent \u00eatre des jeux gratuits voire pour certaines plateformes une r\u00e9mun\u00e9ration en Bitcoins directement (rare au Canada).<\/p>\n\n\n\n<h4 class=\"wp-block-heading\">Une plus grande rapidit\u00e9 pour les joueurs<\/h4>\n\n\n\n<p>Dans un monde o\u00f9 tout va de plus en plus vite, avec des clients de plus en plus exigeants, le Bitcoin peut appara\u00eetre comme une solution miracle.<br>Vous venez de gagner une grosse somme au blackjack le vendredi soir ? Et vous partez en week-end avec des amis le samedi ?<br>Contrairement \u00e0 des casinos en ligne classiques qui auraient pu vous faire un virement que vous auriez re\u00e7u le lundi, ici vous pouvez r\u00e9cup\u00e9rer votre mise directement le vendredi soir sans attendre. C\u2019est une r\u00e9volution de plus dans un march\u00e9 qui s\u2019\u00e9tait d\u00e9j\u00e0 bien modernis\u00e9 ces derni\u00e8res ann\u00e9es.<\/p>\n\n\n\n<h4 class=\"wp-block-heading\">Rep\u00e9rer les casinos avec blackjack de bonne qualit\u00e9<\/h4>\n\n\n\n<p>Tout d\u2019abord, n\u2019h\u00e9sitez pas \u00e0 vous renseigner sur la notori\u00e9t\u00e9 des casinos en ligne. Avec un nombre toujours croissant de plateformes, il est souvent difficile de faire un choix. Ainsi, les avis de clients canadiens que vous pourrez trouver sur Internet seront tr\u00e8s importants.<br>De plus, un autre point \u00e0 ne pas n\u00e9gliger sera les avis des certificateurs de sites de jeux que l\u2019on peut trouver, avec eCogra en Angleterre par exemple et qui est une r\u00e9f\u00e9rence. Bref, faites attention \u00e0 aller sur des sites reconnus et ne soyez pas forc\u00e9ment attir\u00e9s uniquement par les bonus et les offres de bienvenue qui pourraient alt\u00e9rer votre jugement.<br>Une autre chose que nous aimons bien chez btcblackjack.ca\/fr\/, c\u2019est le fait de pouvoir jouer avec des jetons fictifs au blackjack apr\u00e8s l\u2019inscription, et ce sur tous les types de jeux possibles. Cela montre que le casino veut aussi que vous vous am\u00e9lioriez, sans vous forcer de fa\u00e7on trop ostensible \u00e0 jouer avec l\u2019argent r\u00e9el. C\u2019est un gage de confiance.<\/p>\n\n\n\n<p><\/p>\n\n\n\n<h3 class=\"wp-block-heading\">Quelques interrogations sur ces plateformes<\/h3>\n\n\n\n<p>Avant ce que nous avons appel\u00e9 la \u00ab r\u00e9volution \u00bb du Bitcoin pour les casinos en ligne canadiens, il est vrai que ce march\u00e9 de niche \u00e9tait particuli\u00e8rement \u00e9trange. Beaucoup de casinos, implant\u00e9s dans le monde dans des endroits \u00e9tranges proposaient depuis longtemps des jeux en ligne, avec la possibilit\u00e9 de payer en Bitcoin ou Ethereum. Malheureusement, au d\u00e9but et au milieu des ann\u00e9es 2010, il \u00e9tait fr\u00e9quent d\u2019entendre toute sortes d\u2019histoires plus ou moins graves sur les pratiques de ces maisons de jeux. N\u2019oubliez pas ce que nous vous avions dit dans d\u2019autres articles sur les points \u00e0 noter lorsque l\u2019on d\u00e9cide de s\u2019inscrire sur une nouvelle plateforme :<\/p>\n\n\n\n<ul class=\"wp-block-list\"><li>Aller lire les avis la concernant, en regardant quelles ont \u00e9t\u00e9 les exp\u00e9riences d\u2019autres utilisateurs.<\/li><li>Se renseigner sur les certifications et\/ou les avis provinciaux ou gouvernementaux sur celle-ci.<\/li><li>Regarder les modes de d\u00e9p\u00f4ts qui sont accept\u00e9s.<\/li><li>Et surtout regarder les d\u00e9lais de retrait lorsque l\u2019on veut r\u00e9cup\u00e9rer l\u2019argent. Cette information est pour nous toujours tr\u00e8s r\u00e9v\u00e9latrice. En effet, elle permet de voir tout de suite le s\u00e9rieux d\u2019une entreprise. Un d\u00e9lai trop long montrera qu\u2019elle cherche \u00e0 faire toutes sortes d\u2019op\u00e9rations financi\u00e8res dans votre dos. Nous vous conseillons donc la plus grande prudence.<\/li><\/ul>\n\n\n\n<p>Un des probl\u00e8mes avec le Bitcoin est que lorsque vous rencontrez une difficult\u00e9, il est tr\u00e8s difficile voire impossible de r\u00e9cup\u00e9rer son argent. Rien que cette phrase devrait vous faire r\u00e9fl\u00e9chir avant de vous inscrire. Heureusement, btcblackjack.ca\/fr\/ est l\u00e0 et a trouv\u00e9 pour vous deux casinos qui vous permettront de jouer sans penser \u00e0 ces inconv\u00e9nients : Playamo et 321cryptocasino.com.<\/p>\n\n\n\n<h3 class=\"wp-block-heading\">Et les bonus et avantages alors ? Quid du Canada ?<\/h3>\n\n\n\n<p>Vous le savez, une de nos grandes sp\u00e9cialit\u00e9s est de trouver les meilleures offres promotionnelles des casinos en ligne. Il existe d\u2019ailleurs deux types de bonus, ceux d\u2019inscription et ceux de fid\u00e9lit\u00e9.<br>Les casinos en ligne qui acceptent les Bitcoins ne sont pas encore une fois en reste ! Ils utilisent juste d\u2019autres mots pour vos donner toutes sortes d\u2019avantages afin d&rsquo;optimiser vos Bitcoins. En g\u00e9n\u00e9ral, on parle de jetons, ce qui d\u2019ailleurs permet de faire plaisir aux plus nostalgiques d\u2019entre nous qui aimons encore aller dans les casinos physiques.<\/p>\n\n\n\n<h4 class=\"wp-block-heading\">Les casinos en Bitcoins, aussi performants que les autres ?<\/h4>\n\n\n\n<p>Encore une fois, la r\u00e9ponse \u00e0 cette question est bien s\u00fbr positive. Sur Playamo par exemple, l\u2019offre est pl\u00e9thorique et comparable aux poids lourds du jeu comme Royal Vegas. Avec des mini-jeux toujours plus dr\u00f4les comme le \u00ab lucky coin \u00bb, le \u00ab book of pyramids \u00bb ou les \u00ab gladiators \u00bb, vous aurez de quoi faire. Ainsi, vous ne perdrez rien en termes de gameplay. Tout cela ressemble fortement aux excellents jeux des plateformes de micro-gaming, si populaires depuis des ann\u00e9es.<\/p>\n\n\n\n<p>Un autre point qui n\u2019est pas souvent abord\u00e9 est celui des commissions du casino. Lors d\u2019une partie de blackjack ou de CRAPS, les commissions peuvent rapidement selon les marques \u00eatre importantes. Avec les casinos en Bitcoins, il est rare que celles-ci d\u00e9passent les 1% ! Ce taux est tout simplement excellent et permet de contribuer \u00e0 la bonne r\u00e9putation et \u00e0 l\u2019honn\u00eatet\u00e9 de ces plateformes.<\/p>\n\n\n\n<h3 class=\"wp-block-heading\">Le Canada, un pays ami des crypto monnaies<\/h3>\n\n\n\n<p>En fait, les deux mondes, celui des casinos en ligne et celui du Bitcoin \u00e9taient faits pour se rencontrer et travailler ensemble. D\u2019ailleurs, des pays avec des r\u00e9gulations strictes comme le Canada, avec des r\u00e8gles propres \u00e0 chaque province, sont en fait tout \u00e0 fait compatibles avec ce monde-l\u00e0.<\/p>\n\n\n\n<p>Le Canada a de toute fa\u00e7on \u00e9t\u00e9 depuis tr\u00e8s longtemps un pr\u00e9curseur en mati\u00e8re de monnaies et surtout de moyens de paiement. Alors que beaucoup de pays ne font quasiment confiance qu\u2019\u00e0 MasterCard ou Visa, le Canada a toujours su se diff\u00e9rencier avec des initiatives comme Interac. Ce moyen de paiement est maintenant largement utilis\u00e9 dans ce pays, alors que d\u2019autres parties du monde n\u2019en ont jamais entendu parler !<\/p>\n\n\n\n<p>Nous pouvons donc en toute logique parler de situation gagnante-gagnante. En \u00e9tant accept\u00e9s, les meilleurs sites de casinos en ligne obtiennent plus de l\u00e9gitimit\u00e9, deviennent meilleurs et plus efficients. En bout de cha\u00eene, ce sont les utilisateurs qui sont r\u00e9compens\u00e9s et qui peuvent utiliser leurs Bitcoins autrement que pour faire de la sp\u00e9culation.<\/p>\n\n\n\n<p><\/p>\n\n\n<ul class=\"display-posts-listing\"><li class=\"listing-item\"><a class=\"title\" href=\"https:\/\/btcblackjack.ca\/fr\/gagner\/\">Les meilleures m\u00e9thodes pour gagner des Bitcoins facilement<\/a> <span class=\"excerpt-dash\">-<\/span> <span class=\"excerpt\">Il est vrai que notre site Internet s\u2019int\u00e9resse surtout aux casinos en ligne avec Bitcoins. Mais pour obtenir et faire fructifier votre portefeuille en BTC, il reste heureusement d\u2019autres moyens tr\u00e8s efficaces, plus ou moins simples il est vrai. Dans cet article, nous allons essayer d\u2019y voir plus clair pour faire des choix. Le Bitcoin est maintenant dans toutes les bouches. Depuis les folies de l\u2019ann\u00e9e 2020, pour un tas de raisons, qui ont fait passer le cours au-dessus des 50000$. Certes aujourd\u2019hui le cours a baiss\u00e9, mais il semble se stabiliser ces derniers temps autour de ce montant.La visibilit\u00e9\u2026<\/span><\/li><li class=\"listing-item\"><a class=\"title\" href=\"https:\/\/btcblackjack.ca\/fr\/bonus\/\">Pourquoi les casinos avec Bitcoins proposent des bonus int\u00e9ressants<\/a> <span class=\"excerpt-dash\">-<\/span> <span class=\"excerpt\">Bien que les casinos avec Bitcoins aient mis des ann\u00e9es \u00e0 se populariser, les choses ont bien chang\u00e9 au Canada. En effet, il est maintenant tr\u00e8s facile pour un joueur Canadien de trouver des casinos en ligne qui acceptent les bitcoins, et qui sont des sp\u00e9cialistes. Mais les politiques de bonus sont-elles avantageuses comme avec les casinos classiques ? Nous allons vous en parler dans cet article. Nous vous l\u2019avons dit : la croissance des casinos en bitcoins est forte depuis quelques temps et \u00e0 terme il semblerait que ceux-ci repr\u00e9sentent une grosse part de l\u2019industrie.Avec une politique de bonus\u2026<\/span><\/li><li class=\"listing-item\"><a class=\"title\" href=\"https:\/\/btcblackjack.ca\/fr\/roulette\/\">Jouer en ligne \u00e0 la roulette avec des Bitcoins, la bonne id\u00e9e aujourd\u2019hui<\/a> <span class=\"excerpt-dash\">-<\/span> <span class=\"excerpt\">La roulette est un des jeux les plus jou\u00e9s dans le casino, et ce depuis tr\u00e8s longtemps. C\u2019est en effet au 18\u00e8me si\u00e8cle que celle-ci a pris une place importante dans le monde du jeu. Il est donc tout \u00e0 fait naturel que celle-ci devienne une r\u00e9f\u00e9rence dans les maisons de jeux en ligne, et encore plus avec les crypto-monnaies qui permettent des gains rapides et des transferts d\u2019argent instantan\u00e9s et s\u00e9curis\u00e9s. Nous en avons parl\u00e9 dans un autre article, c\u2019est Blaise Pascal, un Fran\u00e7ais, qui a invent\u00e9 la roulette. Son invention fut tout de suite appr\u00e9ci\u00e9e par les joueurs,\u2026<\/span><\/li><\/ul>\n","protected":false},"excerpt":{"rendered":"<p>Nous sommes arriv\u00e9s dans la deuxi\u00e8me r\u00e9volution des jeux de casinos en ligne au Canada. D\u00e9j\u00e0, depuis les ann\u00e9es 2000, les maisons de jeux en ligne ont permis de faire \u00e9voluer consid\u00e9rablement les habitudes des joueurs. Dans un premier temps, un des challenges de ces entreprises \u00e9tait de faire comprendre qu\u2019il \u00e9tait possible de jouer en toute s\u00e9curit\u00e9 sur leurs plateformes. Avec l\u2019arriv\u00e9e du Bitcoin en 2009, il aura fallu une bonne dizaine d\u2019ann\u00e9es pour faire comprendre aux joueurs que les crypto monnaies avaient toute leur place comme moyen de paiement. Plus qu\u2019une alternative&#8230; Vous pouvez maintenant \u00eatre serein et\u2026<\/p>\n","protected":false},"author":1,"featured_media":0,"parent":0,"menu_order":0,"comment_status":"closed","ping_status":"closed","template":"","meta":{"footnotes":""},"class_list":["post-7","page","type-page","status-publish","hentry"],"blocksy_meta":{"styles_descriptor":{"styles":{"desktop":"","tablet":"","mobile":""},"google_fonts":[]}},"aioseo_notices":[],"_links":{"self":[{"href":"https:\/\/btcblackjack.ca\/fr\/wp-json\/wp\/v2\/pages\/7","targetHints":{"allow":["GET"]}}],"collection":[{"href":"https:\/\/btcblackjack.ca\/fr\/wp-json\/wp\/v2\/pages"}],"about":[{"href":"https:\/\/btcblackjack.ca\/fr\/wp-json\/wp\/v2\/types\/page"}],"author":[{"embeddable":true,"href":"https:\/\/btcblackjack.ca\/fr\/wp-json\/wp\/v2\/users\/1"}],"replies":[{"embeddable":true,"href":"https:\/\/btcblackjack.ca\/fr\/wp-json\/wp\/v2\/comments?post=7"}],"version-history":[{"count":0,"href":"https:\/\/btcblackjack.ca\/fr\/wp-json\/wp\/v2\/pages\/7\/revisions"}],"wp:attachment":[{"href":"https:\/\/btcblackjack.ca\/fr\/wp-json\/wp\/v2\/media?parent=7"}],"curies":[{"name":"wp","href":"https:\/\/api.w.org\/{rel}","templated":true}]}}